{"id":2,"date":"2025-12-23T19:53:33","date_gmt":"2025-12-23T19:53:33","guid":{"rendered":"https:\/\/vvpercer.blogs.upv.es\/?page_id=2"},"modified":"2025-12-29T14:45:35","modified_gmt":"2025-12-29T14:45:35","slug":"sample-page","status":"publish","type":"page","link":"https:\/\/vvpercer.blogs.upv.es\/?page_id=2","title":{"rendered":"P\u00e1gina de ejemplo"},"content":{"rendered":"\n<p>&#8220;Sobre m\u00ed&#8221;<\/p>\n\n\n\n<p><a href=\"https:\/\/vvpercer.blogs.upv.es\/wp-content\/uploads\/2025\/12\/ADH.pdf\">Descargar PDF<\/a><\/p>\n\n\n<div class=\"wp-block-image\">\n<figure class=\"aligncenter size-large is-resized\"><img loading=\"lazy\" decoding=\"async\" width=\"768\" height=\"1024\" src=\"https:\/\/vvpercer.blogs.upv.es\/wp-content\/uploads\/2025\/12\/Presentacion_foto-de-frente-768x1024.jpg\" alt=\"\" class=\"wp-image-33\" style=\"width:211px;height:auto\" srcset=\"https:\/\/vvpercer.blogs.upv.es\/wp-content\/uploads\/2025\/12\/Presentacion_foto-de-frente-768x1023.jpg 768w, https:\/\/vvpercer.blogs.upv.es\/wp-content\/uploads\/2025\/12\/Presentacion_foto-de-frente-225x300.jpg 225w, https:\/\/vvpercer.blogs.upv.es\/wp-content\/uploads\/2025\/12\/Presentacion_foto-de-frente-1153x1536.jpg 1153w, https:\/\/vvpercer.blogs.upv.es\/wp-content\/uploads\/2025\/12\/Presentacion_foto-de-frente.jpg 1200w\" sizes=\"auto, (max-width: 768px) 100vw, 768px\" \/><\/figure>\n<\/div>\n\n\n<figure class=\"wp-block-audio\"><audio controls src=\"https:\/\/vvpercer.blogs.upv.es\/wp-content\/uploads\/2025\/12\/Presentacion_audio.mp3\"><\/audio><\/figure>\n\n\n\n<p>Este blog forma parte de la asignatura Alfabetizaci\u00f3n Digital en Humanidades del curso actual de la Maestr\u00eda en Humanidades Digitales en la Universitat Polit\u00e8cnica de Val\u00e8ncia.<br>Los tres temas que m\u00e1s me interesan de la asignatura, son: <\/p>\n\n\n\n<ol class=\"wp-block-list\">\n<li>El concepto Humanidades Digitales<\/li>\n\n\n\n<li>Edici\u00f3n de im\u00e1gen<\/li>\n\n\n\n<li>Edici\u00f3n de audio<\/li>\n<\/ol>\n\n\n\n<p><\/p>\n","protected":false},"excerpt":{"rendered":"<p>&#8220;Sobre m\u00ed&#8221; Descargar PDF Este blog forma parte de la asignatura Alfabetizaci\u00f3n Digital en Humanidades del curso actual de la Maestr\u00eda en Humanidades Digitales en la Universitat Polit\u00e8cnica de Val\u00e8ncia.Los tres temas que m\u00e1s me interesan de la asignatura, son:<\/p>\n","protected":false},"author":1,"featured_media":0,"parent":0,"menu_order":0,"comment_status":"closed","ping_status":"open","template":"","meta":{"footnotes":""},"class_list":["post-2","page","type-page","status-publish","hentry"],"yoast_head":"<!-- This site is optimized with the Yoast SEO plugin v26.6 - https:\/\/yoast.com\/wordpress\/plugins\/seo\/ -->\n<title>P\u00e1gina de ejemplo - Vacation Dreams<\/title>\n<meta name=\"robots\" content=\"index, follow, max-snippet:-1, max-image-preview:large, max-video-preview:-1\" \/>\n<link rel=\"canonical\" href=\"https:\/\/vvpercer.blogs.upv.es\/?page_id=2\" \/>\n<meta property=\"og:locale\" content=\"en_US\" \/>\n<meta property=\"og:type\" content=\"article\" \/>\n<meta property=\"og:title\" content=\"P\u00e1gina de ejemplo - Vacation Dreams\" \/>\n<meta property=\"og:description\" content=\"&#8220;Sobre m\u00ed&#8221; Descargar PDF Este blog forma parte de la asignatura Alfabetizaci\u00f3n Digital en Humanidades del curso actual de la Maestr\u00eda en Humanidades Digitales en la Universitat Polit\u00e8cnica de Val\u00e8ncia.Los tres temas que m\u00e1s me interesan de la asignatura, son:\" \/>\n<meta property=\"og:url\" content=\"https:\/\/vvpercer.blogs.upv.es\/?page_id=2\" \/>\n<meta property=\"og:site_name\" content=\"Vacation Dreams\" \/>\n<meta property=\"article:modified_time\" content=\"2025-12-29T14:45:35+00:00\" \/>\n<meta property=\"og:image\" content=\"https:\/\/vvpercer.blogs.upv.es\/wp-content\/uploads\/2025\/12\/Presentacion_foto-de-frente.jpg\" \/>\n\t<meta property=\"og:image:width\" content=\"1200\" \/>\n\t<meta property=\"og:image:height\" content=\"1599\" \/>\n\t<meta property=\"og:image:type\" content=\"image\/jpeg\" \/>\n<meta name=\"twitter:card\" content=\"summary_large_image\" \/>\n<meta name=\"twitter:label1\" content=\"Est. reading time\" \/>\n\t<meta name=\"twitter:data1\" content=\"1 minute\" \/>\n<script type=\"application\/ld+json\" class=\"yoast-schema-graph\">{\"@context\":\"https:\/\/schema.org\",\"@graph\":[{\"@type\":\"WebPage\",\"@id\":\"https:\/\/vvpercer.blogs.upv.es\/?page_id=2\",\"url\":\"https:\/\/vvpercer.blogs.upv.es\/?page_id=2\",\"name\":\"P\u00e1gina de ejemplo - Vacation Dreams\",\"isPartOf\":{\"@id\":\"https:\/\/vvpercer.blogs.upv.es\/#website\"},\"primaryImageOfPage\":{\"@id\":\"https:\/\/vvpercer.blogs.upv.es\/?page_id=2#primaryimage\"},\"image\":{\"@id\":\"https:\/\/vvpercer.blogs.upv.es\/?page_id=2#primaryimage\"},\"thumbnailUrl\":\"https:\/\/vvpercer.blogs.upv.es\/wp-content\/uploads\/2025\/12\/Presentacion_foto-de-frente-768x1024.jpg\",\"datePublished\":\"2025-12-23T19:53:33+00:00\",\"dateModified\":\"2025-12-29T14:45:35+00:00\",\"breadcrumb\":{\"@id\":\"https:\/\/vvpercer.blogs.upv.es\/?page_id=2#breadcrumb\"},\"inLanguage\":\"en-US\",\"potentialAction\":[{\"@type\":\"ReadAction\",\"target\":[\"https:\/\/vvpercer.blogs.upv.es\/?page_id=2\"]}]},{\"@type\":\"ImageObject\",\"inLanguage\":\"en-US\",\"@id\":\"https:\/\/vvpercer.blogs.upv.es\/?page_id=2#primaryimage\",\"url\":\"https:\/\/vvpercer.blogs.upv.es\/wp-content\/uploads\/2025\/12\/Presentacion_foto-de-frente.jpg\",\"contentUrl\":\"https:\/\/vvpercer.blogs.upv.es\/wp-content\/uploads\/2025\/12\/Presentacion_foto-de-frente.jpg\",\"width\":1200,\"height\":1599},{\"@type\":\"BreadcrumbList\",\"@id\":\"https:\/\/vvpercer.blogs.upv.es\/?page_id=2#breadcrumb\",\"itemListElement\":[{\"@type\":\"ListItem\",\"position\":1,\"name\":\"Home\",\"item\":\"https:\/\/vvpercer.blogs.upv.es\/\"},{\"@type\":\"ListItem\",\"position\":2,\"name\":\"P\u00e1gina de ejemplo\"}]},{\"@type\":\"WebSite\",\"@id\":\"https:\/\/vvpercer.blogs.upv.es\/#website\",\"url\":\"https:\/\/vvpercer.blogs.upv.es\/\",\"name\":\"Vacation Dreams\",\"description\":\"\",\"potentialAction\":[{\"@type\":\"SearchAction\",\"target\":{\"@type\":\"EntryPoint\",\"urlTemplate\":\"https:\/\/vvpercer.blogs.upv.es\/?s={search_term_string}\"},\"query-input\":{\"@type\":\"PropertyValueSpecification\",\"valueRequired\":true,\"valueName\":\"search_term_string\"}}],\"inLanguage\":\"en-US\"}]}<\/script>\n<!-- \/ Yoast SEO plugin. -->","yoast_head_json":{"title":"P\u00e1gina de ejemplo - Vacation Dreams","robots":{"index":"index","follow":"follow","max-snippet":"max-snippet:-1","max-image-preview":"max-image-preview:large","max-video-preview":"max-video-preview:-1"},"canonical":"https:\/\/vvpercer.blogs.upv.es\/?page_id=2","og_locale":"en_US","og_type":"article","og_title":"P\u00e1gina de ejemplo - Vacation Dreams","og_description":"&#8220;Sobre m\u00ed&#8221; Descargar PDF Este blog forma parte de la asignatura Alfabetizaci\u00f3n Digital en Humanidades del curso actual de la Maestr\u00eda en Humanidades Digitales en la Universitat Polit\u00e8cnica de Val\u00e8ncia.Los tres temas que m\u00e1s me interesan de la asignatura, son:","og_url":"https:\/\/vvpercer.blogs.upv.es\/?page_id=2","og_site_name":"Vacation Dreams","article_modified_time":"2025-12-29T14:45:35+00:00","og_image":[{"width":1200,"height":1599,"url":"https:\/\/vvpercer.blogs.upv.es\/wp-content\/uploads\/2025\/12\/Presentacion_foto-de-frente.jpg","type":"image\/jpeg"}],"twitter_card":"summary_large_image","twitter_misc":{"Est. reading time":"1 minute"},"schema":{"@context":"https:\/\/schema.org","@graph":[{"@type":"WebPage","@id":"https:\/\/vvpercer.blogs.upv.es\/?page_id=2","url":"https:\/\/vvpercer.blogs.upv.es\/?page_id=2","name":"P\u00e1gina de ejemplo - Vacation Dreams","isPartOf":{"@id":"https:\/\/vvpercer.blogs.upv.es\/#website"},"primaryImageOfPage":{"@id":"https:\/\/vvpercer.blogs.upv.es\/?page_id=2#primaryimage"},"image":{"@id":"https:\/\/vvpercer.blogs.upv.es\/?page_id=2#primaryimage"},"thumbnailUrl":"https:\/\/vvpercer.blogs.upv.es\/wp-content\/uploads\/2025\/12\/Presentacion_foto-de-frente-768x1024.jpg","datePublished":"2025-12-23T19:53:33+00:00","dateModified":"2025-12-29T14:45:35+00:00","breadcrumb":{"@id":"https:\/\/vvpercer.blogs.upv.es\/?page_id=2#breadcrumb"},"inLanguage":"en-US","potentialAction":[{"@type":"ReadAction","target":["https:\/\/vvpercer.blogs.upv.es\/?page_id=2"]}]},{"@type":"ImageObject","inLanguage":"en-US","@id":"https:\/\/vvpercer.blogs.upv.es\/?page_id=2#primaryimage","url":"https:\/\/vvpercer.blogs.upv.es\/wp-content\/uploads\/2025\/12\/Presentacion_foto-de-frente.jpg","contentUrl":"https:\/\/vvpercer.blogs.upv.es\/wp-content\/uploads\/2025\/12\/Presentacion_foto-de-frente.jpg","width":1200,"height":1599},{"@type":"BreadcrumbList","@id":"https:\/\/vvpercer.blogs.upv.es\/?page_id=2#breadcrumb","itemListElement":[{"@type":"ListItem","position":1,"name":"Home","item":"https:\/\/vvpercer.blogs.upv.es\/"},{"@type":"ListItem","position":2,"name":"P\u00e1gina de ejemplo"}]},{"@type":"WebSite","@id":"https:\/\/vvpercer.blogs.upv.es\/#website","url":"https:\/\/vvpercer.blogs.upv.es\/","name":"Vacation Dreams","description":"","potentialAction":[{"@type":"SearchAction","target":{"@type":"EntryPoint","urlTemplate":"https:\/\/vvpercer.blogs.upv.es\/?s={search_term_string}"},"query-input":{"@type":"PropertyValueSpecification","valueRequired":true,"valueName":"search_term_string"}}],"inLanguage":"en-US"}]}},"_links":{"self":[{"href":"https:\/\/vvpercer.blogs.upv.es\/index.php?rest_route=\/wp\/v2\/pages\/2","targetHints":{"allow":["GET"]}}],"collection":[{"href":"https:\/\/vvpercer.blogs.upv.es\/index.php?rest_route=\/wp\/v2\/pages"}],"about":[{"href":"https:\/\/vvpercer.blogs.upv.es\/index.php?rest_route=\/wp\/v2\/types\/page"}],"author":[{"embeddable":true,"href":"https:\/\/vvpercer.blogs.upv.es\/index.php?rest_route=\/wp\/v2\/users\/1"}],"replies":[{"embeddable":true,"href":"https:\/\/vvpercer.blogs.upv.es\/index.php?rest_route=%2Fwp%2Fv2%2Fcomments&post=2"}],"version-history":[{"count":4,"href":"https:\/\/vvpercer.blogs.upv.es\/index.php?rest_route=\/wp\/v2\/pages\/2\/revisions"}],"predecessor-version":[{"id":39,"href":"https:\/\/vvpercer.blogs.upv.es\/index.php?rest_route=\/wp\/v2\/pages\/2\/revisions\/39"}],"wp:attachment":[{"href":"https:\/\/vvpercer.blogs.upv.es\/index.php?rest_route=%2Fwp%2Fv2%2Fmedia&parent=2"}],"curies":[{"name":"wp","href":"https:\/\/api.w.org\/{rel}","templated":true}]}}